{"id":736,"date":"2021-05-03T10:37:16","date_gmt":"2021-05-03T10:37:16","guid":{"rendered":"http:\/\/www.xline.es\/Abacuranao\/?page_id=736"},"modified":"2021-05-03T10:37:16","modified_gmt":"2021-05-03T10:37:16","slug":"empresa","status":"publish","type":"page","link":"http:\/\/www.abacuranao.com\/ca\/empresa\/","title":{"rendered":"Empresa"},"content":{"rendered":"<p>[vc_row full_width=&#8221;stretch_row_content_no_spaces&#8221; css_animation=&#8221;fadeIn&#8221; css=&#8221;.vc_custom_1618393918268{padding-top: 200px !important;padding-bottom: 200px !important;background-image: url(http:\/\/www.xline.es\/Abacuranao\/wp-content\/uploads\/2021\/04\/empresa3.jpg?id=557) !important;background-position: center !important;background-repeat: no-repeat !important;background-size: cover !important;}&#8221;][vc_column][vc_column_text]<\/p>\n<h2 style=\"text-align: center;\"><span style=\"color: #ffffff;\">LA EMPRESA<\/span><\/h2>\n<p>[\/vc_column_text][\/vc_column][\/vc_row][vc_row css=&#8221;.vc_custom_1485428309292{margin-top: 60px !important;margin-bottom: 51px !important;}&#8221;][vc_column width=&#8221;1\/2&#8243; el_class=&#8221;stm-col-pad-right&#8221;][vc_single_image image=&#8221;539&#8243; img_size=&#8221;full&#8221; alignment=&#8221;center&#8221; stm_fancybox=&#8221;yes&#8221; css=&#8221;.vc_custom_1617968024816{margin-bottom: 35px !important;}&#8221;][\/vc_column][vc_column width=&#8221;1\/2&#8243; el_class=&#8221;stm-col-pad-left&#8221;][vc_column_text]<\/p>\n<h3 style=\"margin-bottom: 18px;\">BENVINGUTS A <span style=\"color: #f0c540;\">ABACURANAO<\/span><\/h3>\n<h5 style=\"margin-bottom: 22px;\">Nascuda en 2003, l&#8217;empresa A.Bacuranao Forever 1845, S.L., \u00e9s un prove\u00efdor de serveis de limusina i cotxes de luxe amb conductor, especialista amb trasllats amb xofer VIP bilingu\u0308e, tr\u00e0nsfers a l&#8217;aeroport i disposicions per esdeveniments de Barcelona, Catalunya i Espanya.<\/h5>\n<p style=\"margin-bottom: 26px;\">Oferim els nostres <strong>serveis de trasllats i cotxes amb xofer a diferents p\u00fablics tals com empreses, hotels, celebritats, deportites professionals, executius, companyies internacionals i a particulars.<\/strong><\/p>\n<p style=\"margin-bottom: 26px;\">A m\u00e9s oferim un <strong>servei excel.lent personalitzat<\/strong> per cada un dels trasllats dels nostres clients.<\/p>\n<p style=\"margin-bottom: 26px;\">Disposem de <strong>vehicles d&#8217;alta gamma de la marca Mercedes<\/strong> la m\u00e9s exclusiva del mercat amb conductor d&#8217;alt nivell, totalment preparat i garantint una conducci\u00f3 segura i de qualitat.<\/p>\n<p>Amb els nostres vehicles de lloguer amb conductor de luxe <strong>posem a la seva disposici\u00f3 la m\u00e0xima qualitat t\u00e8cnica i totes les novetats tecnol\u00f2giques<\/strong>, a m\u00e9s d&#8217;oferir-li els m\u00e0xims est\u00e0ndards de seguretat i una comoditat m\u00e9s gran.<\/p>\n<h4>La Nostra traject\u00f2ria i experi\u00e8ncia ens converteixen en la millor elecci\u00f3.<\/h4>\n<p>[\/vc_column_text][\/vc_column][\/vc_row][vc_row][vc_column][vc_empty_space height=&#8221;50px&#8221;][\/vc_column][\/vc_row]<\/p>\n","protected":false},"excerpt":{"rendered":"<p>[vc_row full_width=&#8221;stretch_row_content_no_spaces&#8221; css_animation=&#8221;fadeIn&#8221; css=&#8221;.vc_custom_1618393918268{padding-top: 200px !important;padding-bottom: 200px !important;background-image: url(http:\/\/www.xline.es\/Abacuranao\/wp-content\/uploads\/2021\/04\/empresa3.jpg?id=557) !important;background-position: center !important;background-repeat: no-repeat !important;background-size: cover !important;}&#8221;][vc_column][vc_column_text] LA EMPRESA [\/vc_column_text][\/vc_column][\/vc_row][vc_row css=&#8221;.vc_custom_1485428309292{margin-top: 60px !important;margin-bottom: 51px !important;}&#8221;][vc_column width=&#8221;1\/2&#8243; el_class=&#8221;stm-col-pad-right&#8221;][vc_single_image image=&#8221;539&#8243; img_size=&#8221;full&#8221; alignment=&#8221;center&#8221; stm_fancybox=&#8221;yes&#8221; css=&#8221;.vc_custom_1617968024816{margin-bottom: 35px !important;}&#8221;][\/vc_column][vc_column width=&#8221;1\/2&#8243; el_class=&#8221;stm-col-pad-left&#8221;][vc_column_text] BENVINGUTS A ABACURANAO Nascuda en 2003, l&#8217;empresa A.Bacuranao Forever 1845, S.L., \u00e9s un prove\u00efdor de serveis de limusina i cotxes&#8230;<\/p>\n","protected":false},"author":1,"featured_media":0,"parent":0,"menu_order":0,"comment_status":"closed","ping_status":"closed","template":"","meta":{"footnotes":""},"class_list":["post-736","page","type-page","status-publish","hentry"],"_links":{"self":[{"href":"http:\/\/www.abacuranao.com\/ca\/wp-json\/wp\/v2\/pages\/736","targetHints":{"allow":["GET"]}}],"collection":[{"href":"http:\/\/www.abacuranao.com\/ca\/wp-json\/wp\/v2\/pages"}],"about":[{"href":"http:\/\/www.abacuranao.com\/ca\/wp-json\/wp\/v2\/types\/page"}],"author":[{"embeddable":true,"href":"http:\/\/www.abacuranao.com\/ca\/wp-json\/wp\/v2\/users\/1"}],"replies":[{"embeddable":true,"href":"http:\/\/www.abacuranao.com\/ca\/wp-json\/wp\/v2\/comments?post=736"}],"version-history":[{"count":3,"href":"http:\/\/www.abacuranao.com\/ca\/wp-json\/wp\/v2\/pages\/736\/revisions"}],"predecessor-version":[{"id":739,"href":"http:\/\/www.abacuranao.com\/ca\/wp-json\/wp\/v2\/pages\/736\/revisions\/739"}],"wp:attachment":[{"href":"http:\/\/www.abacuranao.com\/ca\/wp-json\/wp\/v2\/media?parent=736"}],"curies":[{"name":"wp","href":"https:\/\/api.w.org\/{rel}","templated":true}]}}